{"id":5456,"date":"2017-09-27T08:29:29","date_gmt":"2017-09-27T08:29:29","guid":{"rendered":"https:\/\/diyortech.com\/iletisim\/"},"modified":"2021-04-07T03:58:15","modified_gmt":"2021-04-07T00:58:15","slug":"%d0%ba%d0%be%d0%bd%d1%82%d0%b0%d0%ba%d1%82%d1%8b","status":"publish","type":"page","link":"https:\/\/diyortech.com\/ru\/%d0%ba%d0%be%d0%bd%d1%82%d0%b0%d0%ba%d1%82%d1%8b\/","title":{"rendered":"\u041a\u043e\u043d\u0442\u0430\u043a\u0442\u044b"},"content":{"rendered":"<p>[vc_row equal_height=&#187;yes&#187; css=&#187;.vc_custom_1513048596846{margin-right: 0px !important;margin-bottom: 90px !important;margin-left: 0px !important;}&#187;][vc_column width=&#187;2\/3&#8243; css=&#187;.vc_custom_1513048602768{background-color: #ffffff !important;}&#187; el_class=&#187;shadow&#187;][vc_empty_space height=&#187;50px&#187;][vc_row_inner][vc_column_inner width=&#187;1\/12&#8243;][\/vc_column_inner][vc_column_inner width=&#187;5\/6&#8243;][vc_column_text]<\/p>\n<h3 class=\"no-margin-top\" style=\"text-align: center;\">\u0421\u0432\u044f\u0436\u0438\u0442\u0435\u0441\u044c \u0441 \u043d\u0430\u043c\u0438<\/h3>\n<p>[\/vc_column_text][vc_empty_space height=&#187;10px&#187;][vc_column_text]<\/p>\n<p style=\"text-align: center;\">\u0412\u044b \u043c\u043e\u0436\u0435\u0442\u0435 \u0441\u043f\u0440\u043e\u0441\u0438\u0442\u044c \u043d\u0430\u0441, \u0447\u0442\u043e \u0432\u0430\u043c \u0438\u043d\u0442\u0435\u0440\u0435\u0441\u043d\u043e \u043e \u043d\u0430\u0448\u0438\u0445 \u043f\u0440\u043e\u0434\u0443\u043a\u0442\u0430\u0445 \u0438 \u200b\u200b\u0443\u0441\u043b\u0443\u0433\u0430\u0445. \u0411\u0443\u0434\u0435\u043c \u0440\u0430\u0434\u044b \u043e\u0442\u0432\u0435\u0442\u0438\u0442\u044c \u043d\u0430 \u0432\u0430\u0448\u0438 \u0432\u043e\u043f\u0440\u043e\u0441\u044b.<\/p>\n<p>[\/vc_column_text][vc_empty_space height=&#187;35px&#187;]<div role=\"form\" class=\"wpcf7\" id=\"wpcf7-f5666-o1\" lang=\"tr-TR\" dir=\"ltr\">\n<div class=\"screen-reader-response\"><p role=\"status\" aria-live=\"polite\" aria-atomic=\"true\"><\/p> <ul><\/ul><\/div>\n<form action=\"\/ru\/wp-json\/wp\/v2\/pages\/5456#wpcf7-f5666-o1\" method=\"post\" class=\"wpcf7-form init\" novalidate=\"novalidate\" data-status=\"init\">\n<div style=\"display: none;\">\n<input type=\"hidden\" name=\"_wpcf7\" value=\"5666\" \/>\n<input type=\"hidden\" name=\"_wpcf7_version\" value=\"5.4\" \/>\n<input type=\"hidden\" name=\"_wpcf7_locale\" value=\"tr_TR\" \/>\n<input type=\"hidden\" name=\"_wpcf7_unit_tag\" value=\"wpcf7-f5666-o1\" \/>\n<input type=\"hidden\" name=\"_wpcf7_container_post\" value=\"0\" \/>\n<input type=\"hidden\" name=\"_wpcf7_posted_data_hash\" value=\"\" \/>\n<\/div>\n<div class=\"form-request\">\n<div class=\"row\">\n<div class=\"columns columns-6\"><span class=\"wpcf7-form-control-wrap isim-soyisim\"><input type=\"text\" name=\"isim-soyisim\" value=\"\" size=\"40\" class=\"wpcf7-form-control wpcf7-text wpcf7-validates-as-required\" aria-required=\"true\" aria-invalid=\"false\" placeholder=\"\u0418\u043c\u044f \u0424\u0430\u043c\u0438\u043b\u0438\u044f\" \/><\/span> <\/div>\n<div class=\"columns columns-6\"><span class=\"wpcf7-form-control-wrap e-posta\"><input type=\"email\" name=\"e-posta\" value=\"\" size=\"40\" class=\"wpcf7-form-control wpcf7-text wpcf7-email wpcf7-validates-as-required wpcf7-validates-as-email\" aria-required=\"true\" aria-invalid=\"false\" placeholder=\"\u0412\u0430\u0448 \u044d\u043b. \u043f\u043e\u0447\u0442\u044b\" \/><\/span> <\/div>\n<\/div>\n<div class=\"row\">\n<div class=\"columns columns-6\"><span class=\"wpcf7-form-control-wrap telefon-numarasi\"><input type=\"tel\" name=\"telefon-numarasi\" value=\"\" size=\"40\" class=\"wpcf7-form-control wpcf7-text wpcf7-tel wpcf7-validates-as-tel\" aria-invalid=\"false\" placeholder=\"\u0412\u0430\u0448 \u043d\u043e\u043c\u0435\u0440 \u0442\u0435\u043b\u0435\u0444\u043e\u043d\u0430\" \/><\/span> <\/div>\n<div class=\"columns columns-6\"><span class=\"wpcf7-form-control-wrap konu\"><input type=\"text\" name=\"konu\" value=\"\" size=\"40\" class=\"wpcf7-form-control wpcf7-text\" aria-invalid=\"false\" placeholder=\"\u0422\u0435\u043c\u0430\" \/><\/span> <\/div>\n<\/div>\n<div class=\"row\">\n<div class=\"columns columns-12\"> <span class=\"wpcf7-form-control-wrap mesaj\"><textarea name=\"mesaj\" cols=\"40\" rows=\"10\" class=\"wpcf7-form-control wpcf7-textarea wpcf7-validates-as-required\" aria-required=\"true\" aria-invalid=\"false\" placeholder=\"\u0412\u0430\u0448\u0435 \u0441\u043e\u043e\u0431\u0449\u0435\u043d\u0438\u0435\"><\/textarea><\/span> <\/div>\n<\/div>\n<p><input type=\"submit\" value=\"\u041e\u0442\u043f\u0440\u0430\u0432\u0438\u0442\u044c\" class=\"wpcf7-form-control wpcf7-submit quform-button-text\" \/>\n<\/p><\/div>\n<div class=\"wpcf7-response-output\" aria-hidden=\"true\"><\/div><\/form><\/div>[vc_empty_space height=&#187;20px&#187;][vc_column_text]<\/p>\n<p style=\"text-align: center; font-size: 13px;\">\u0412\u044b \u0442\u0430\u043a\u0436\u0435 \u043c\u043e\u0436\u0435\u0442\u0435 \u043d\u0430\u043f\u0438\u0441\u0430\u0442\u044c \u043d\u0430\u043c \u043d\u0430 <a href=\"mailto:info@diyortech.com\">info@diyortech.com<\/a>.<\/p>\n<p>[\/vc_column_text][\/vc_column_inner][vc_column_inner width=&#187;1\/12&#8243;][\/vc_column_inner][\/vc_row_inner][vc_empty_space height=&#187;50px&#187;][\/vc_column][vc_column width=&#187;1\/3&#8243; css=&#187;.vc_custom_1513048549225{padding-top: 90px !important;padding-right: 50px !important;padding-bottom: 50px !important;padding-left: 50px !important;background-color: #f2f2f3 !important;}&#187;][vc_column_text]<\/p>\n<h5 class=\"no-margin-top\">Diyortech \u0130\u00e7 ve D\u0131\u015f<br \/>\nTicaret San. Tic. Ltd \u015eti.<\/h5>\n<p>[\/vc_column_text][vc_empty_space height=&#187;10px&#187;][vc_column_text]Hac\u0131kaymak Mah. Murat Sok. No:14\/A Sel\u00e7uklu\/KONYA[\/vc_column_text][vc_empty_space height=&#187;30px&#187;][vc_column_text]\u0422\u0435\u043b\u0435\u0444\u043e\u043d: <a href=\"tel:+903322343191\">+90 (332) 234 31 91<\/a><br \/>\n\u0424\u0430\u043a\u0441: <a href=\"+903322343191\">+90 (332) 234 31 91<\/a><br \/>\n\u042d\u043b. \u043f\u043e\u0447\u0442\u0430: <a href=\"mailto:info@diyortech.com\">info@diyortech.com<\/a>[\/vc_column_text][vc_empty_space height=&#187;30px&#187;][vc_column_text]<iframe loading=\"lazy\" style=\"border: 0;\" src=\"https:\/\/www.google.com\/maps\/embed?pb=!1m18!1m12!1m3!1d3149.070972933391!2d32.47407631532068!3d37.88202287973991!2m3!1f0!2f0!3f0!3m2!1i1024!2i768!4f13.1!3m3!1m2!1s0x0%3A0x0!2zMzfCsDUyJzU1LjMiTiAzMsKwMjgnMzQuNiJF!5e0!3m2!1str!2str!4v1616202120326!5m2!1str!2str\" width=\"300\" height=\"350\" allowfullscreen=\"allowfullscreen\"><\/iframe>[\/vc_column_text][\/vc_column][\/vc_row]<\/p>\n","protected":false},"excerpt":{"rendered":"<p>[vc_row equal_height=&#187;yes&#187; css=&#187;.vc_custom_1513048596846{margin-right: 0px !important;margin-bottom: 90px !important;margin-left: 0px !important;}&#187;][vc_column width=&#187;2\/3&#8243; css=&#187;.vc_custom_1513048602768{background-color: #ffffff !important;}&#187; el_class=&#187;shadow&#187;][vc_empty_space height=&#187;50px&#187;][vc_row_inner][vc_column_inner width=&#187;1\/12&#8243;][\/vc_column_inner][vc_column_inner width=&#187;5\/6&#8243;][vc_column_text] \u0421\u0432\u044f\u0436\u0438\u0442\u0435\u0441\u044c \u0441 \u043d\u0430\u043c\u0438 [\/vc_column_text][vc_empty_space height=&#187;10px&#187;][vc_column_text] \u0412\u044b \u043c\u043e\u0436\u0435\u0442\u0435 \u0441\u043f\u0440\u043e\u0441\u0438\u0442\u044c \u043d\u0430\u0441, \u0447\u0442\u043e \u0432\u0430\u043c \u0438\u043d\u0442\u0435\u0440\u0435\u0441\u043d\u043e \u043e \u043d\u0430\u0448\u0438\u0445 \u043f\u0440\u043e\u0434\u0443\u043a\u0442\u0430\u0445 \u0438 \u200b\u200b\u0443\u0441\u043b\u0443\u0433\u0430\u0445. \u0411\u0443\u0434\u0435\u043c \u0440\u0430\u0434\u044b \u043e\u0442\u0432\u0435\u0442\u0438\u0442\u044c \u043d\u0430 \u0432\u0430\u0448\u0438 \u0432\u043e\u043f\u0440\u043e\u0441\u044b. [\/vc_column_text][vc_empty_space height=&#187;35px&#187;][vc_empty_space height=&#187;20px&#187;][vc_column_text] \u0412\u044b \u0442\u0430\u043a\u0436\u0435 \u043c\u043e\u0436\u0435\u0442\u0435 \u043d\u0430\u043f\u0438\u0441\u0430\u0442\u044c \u043d\u0430\u043c \u043d\u0430 info@diyortech.com. [\/vc_column_text][\/vc_column_inner][vc_column_inner width=&#187;1\/12&#8243;][\/vc_column_inner][\/vc_row_inner][vc_empty_space height=&#187;50px&#187;][\/vc_column][vc_column width=&#187;1\/3&#8243; css=&#187;.vc_custom_1513048549225{padding-top: [&hellip;]<\/p>\n","protected":false},"author":1,"featured_media":0,"parent":0,"menu_order":0,"comment_status":"closed","ping_status":"closed","template":"","meta":[],"_links":{"self":[{"href":"https:\/\/diyortech.com\/ru\/wp-json\/wp\/v2\/pages\/5456"}],"collection":[{"href":"https:\/\/diyortech.com\/ru\/wp-json\/wp\/v2\/pages"}],"about":[{"href":"https:\/\/diyortech.com\/ru\/wp-json\/wp\/v2\/types\/page"}],"author":[{"embeddable":true,"href":"https:\/\/diyortech.com\/ru\/wp-json\/wp\/v2\/users\/1"}],"replies":[{"embeddable":true,"href":"https:\/\/diyortech.com\/ru\/wp-json\/wp\/v2\/comments?post=5456"}],"version-history":[{"count":0,"href":"https:\/\/diyortech.com\/ru\/wp-json\/wp\/v2\/pages\/5456\/revisions"}],"wp:attachment":[{"href":"https:\/\/diyortech.com\/ru\/wp-json\/wp\/v2\/media?parent=5456"}],"curies":[{"name":"wp","href":"https:\/\/api.w.org\/{rel}","templated":true}]}}