{"id":5995,"date":"2021-03-18T04:32:39","date_gmt":"2021-03-18T01:32:39","guid":{"rendered":"https:\/\/diyortech.com\/urun\/corbalik\/"},"modified":"2022-02-06T23:21:10","modified_gmt":"2022-02-06T20:21:10","slug":"soup-bowl","status":"publish","type":"product","link":"https:\/\/diyortech.com\/en\/urun\/soup-bowl\/","title":{"rendered":"Soup Bowl"},"content":{"rendered":"<table width=\"617\">\n<tbody>\n<tr>\n<td width=\"53\"><strong>CB08<\/strong><\/td>\n<td width=\"173\">Black Royal Model<\/td>\n<td width=\"52\">9 lt<\/td>\n<td width=\"108\">315*330*410mm<\/td>\n<td width=\"107\">365*365*420mm<\/td>\n<td width=\"59\">4,5 kg<\/td>\n<td width=\"63\">900 W<\/td>\n<\/tr>\n<tr>\n<td width=\"53\"><strong>CB09<\/strong><\/td>\n<td width=\"173\">Copper Royal Model<\/td>\n<td width=\"52\">9 lt<\/td>\n<td width=\"108\">315*330*410mm<\/td>\n<td width=\"107\">365*365*420mm<\/td>\n<td width=\"59\">4,5 kg<\/td>\n<td width=\"63\">900 W<\/td>\n<\/tr>\n<tr>\n<td width=\"53\"><strong>CB15<\/strong><\/td>\n<td width=\"173\">Copper Prest\u00f3ge Model M d<\/td>\n<td width=\"52\">9 lt<\/td>\n<td width=\"108\">320*320*455mm<\/td>\n<td width=\"109\">365*365*420mm<\/td>\n<td width=\"59\">4,5 kg<\/td>\n<td width=\"63\">900 W<\/td>\n<\/tr>\n<tr>\n<td width=\"53\"><strong>CB16<\/strong><\/td>\n<td width=\"173\">Copper Prest\u00f3ge Model Maks\u00e0<\/td>\n<td width=\"52\">13 lt<\/td>\n<td width=\"108\">380*380*465mm<\/td>\n<td width=\"109\">365*365*420mm<\/td>\n<td width=\"59\">5,5 kg<\/td>\n<td width=\"63\">1200 W<\/td>\n<\/tr>\n<tr>\n<td width=\"41\"><strong>CB10<\/strong><\/td>\n<td width=\"179\">Sbyah Elegance Model<\/td>\n<td width=\"43\">9 lt<\/td>\n<td width=\"105\">350*380*350mm<\/td>\n<td width=\"105\">365*365*420mm<\/td>\n<td width=\"64\">4,5 kg<\/td>\n<td width=\"53\">900 W<\/td>\n<\/tr>\n<tr>\n<td width=\"41\"><strong>CB11<\/strong><\/td>\n<td width=\"179\">Copper Elegance Model<\/td>\n<td width=\"43\">9 lt<\/td>\n<td width=\"105\">350*380*350mm<\/td>\n<td width=\"105\">365*365*420mm<\/td>\n<td width=\"64\">4,5 kg<\/td>\n<td width=\"53\">900 W<\/td>\n<\/tr>\n<tr>\n<td width=\"41\"><strong>CB13<\/strong><\/td>\n<td width=\"179\">Steel Model MGd\u00e0<\/td>\n<td width=\"43\">9 lt<\/td>\n<td width=\"105\">300*330*395mm<\/td>\n<td width=\"105\">365*365*420mm<\/td>\n<td width=\"64\">4,5 kg<\/td>\n<td width=\"53\">900 W<\/td>\n<\/tr>\n<tr>\n<td width=\"41\"><strong>CB14<\/strong><\/td>\n<td width=\"179\">Steel Model Max<\/td>\n<td width=\"43\">13 lt<\/td>\n<td width=\"105\">350*350*445mm<\/td>\n<td width=\"105\">365*365*420mm<\/td>\n<td width=\"64\">5,5 kg<\/td>\n<td width=\"53\">1200 W<\/td>\n<\/tr>\n<\/tbody>\n<\/table>\n","protected":false},"excerpt":{"rendered":"<p>CB08 Black Royal Model 9 lt 315*330*410mm 365*365*420mm 4,5 kg 900 W CB09 Copper Royal Model 9 lt 315*330*410mm 365*365*420mm 4,5 kg 900 W CB15 Copper Prest\u00f3ge Model M d 9 lt 320*320*455mm 365*365*420mm 4,5 kg 900 W CB16 Copper Prest\u00f3ge Model Maks\u00e0 13 lt 380*380*465mm 365*365*420mm 5,5 kg 1200 W CB10 Sbyah Elegance Model [&hellip;]<\/p>\n","protected":false},"featured_media":5208,"template":"","meta":[],"_links":{"self":[{"href":"https:\/\/diyortech.com\/en\/wp-json\/wp\/v2\/product\/5995"}],"collection":[{"href":"https:\/\/diyortech.com\/en\/wp-json\/wp\/v2\/product"}],"about":[{"href":"https:\/\/diyortech.com\/en\/wp-json\/wp\/v2\/types\/product"}],"wp:featuredmedia":[{"embeddable":true,"href":"https:\/\/diyortech.com\/en\/wp-json\/wp\/v2\/media\/5208"}],"wp:attachment":[{"href":"https:\/\/diyortech.com\/en\/wp-json\/wp\/v2\/media?parent=5995"}],"curies":[{"name":"wp","href":"https:\/\/api.w.org\/{rel}","templated":true}]}}