{"id":5705,"date":"2017-09-27T08:29:29","date_gmt":"2017-09-27T08:29:29","guid":{"rendered":"https:\/\/diyortech.com\/iletisim\/"},"modified":"2022-03-02T03:47:22","modified_gmt":"2022-03-02T00:47:22","slug":"contact","status":"publish","type":"page","link":"https:\/\/diyortech.com\/en\/contact\/","title":{"rendered":"Contact"},"content":{"rendered":"<p>[vc_row equal_height=&#8221;yes&#8221; css=&#8221;.vc_custom_1513048596846{margin-right: 0px !important;margin-bottom: 90px !important;margin-left: 0px !important;}&#8221;][vc_column width=&#8221;2\/3&#8243; css=&#8221;.vc_custom_1513048602768{background-color: #ffffff !important;}&#8221; el_class=&#8221;shadow&#8221;][vc_empty_space height=&#8221;50px&#8221;][vc_row_inner][vc_column_inner width=&#8221;1\/12&#8243;][\/vc_column_inner][vc_column_inner width=&#8221;5\/6&#8243;][vc_column_text]<\/p>\n<h3 class=\"no-margin-top\" style=\"text-align: center;\">Contact Us<\/h3>\n<p>[\/vc_column_text][vc_empty_space height=&#8221;10px&#8221;][vc_column_text]<\/p>\n<p style=\"text-align: center;\">You can ask us what you wonder about our products and services. We will be delighted to answer your questions.<\/p>\n<p>[\/vc_column_text][vc_empty_space height=&#8221;35px&#8221;]<div role=\"form\" class=\"wpcf7\" id=\"wpcf7-f6104-o1\" lang=\"tr-TR\" dir=\"ltr\">\n<div class=\"screen-reader-response\"><p role=\"status\" aria-live=\"polite\" aria-atomic=\"true\"><\/p> <ul><\/ul><\/div>\n<form action=\"\/en\/wp-json\/wp\/v2\/pages\/5705#wpcf7-f6104-o1\" method=\"post\" class=\"wpcf7-form init\" novalidate=\"novalidate\" data-status=\"init\">\n<div style=\"display: none;\">\n<input type=\"hidden\" name=\"_wpcf7\" value=\"6104\" \/>\n<input type=\"hidden\" name=\"_wpcf7_version\" value=\"5.4\" \/>\n<input type=\"hidden\" name=\"_wpcf7_locale\" value=\"tr_TR\" \/>\n<input type=\"hidden\" name=\"_wpcf7_unit_tag\" value=\"wpcf7-f6104-o1\" \/>\n<input type=\"hidden\" name=\"_wpcf7_container_post\" value=\"0\" \/>\n<input type=\"hidden\" name=\"_wpcf7_posted_data_hash\" value=\"\" \/>\n<\/div>\n<div class=\"form-request\">\n<div class=\"row\">\n<div class=\"columns columns-6\"><span class=\"wpcf7-form-control-wrap isim-soyisim\"><input type=\"text\" name=\"isim-soyisim\" value=\"\" size=\"40\" class=\"wpcf7-form-control wpcf7-text wpcf7-validates-as-required\" aria-required=\"true\" aria-invalid=\"false\" placeholder=\"Name Surname\" \/><\/span> <\/div>\n<div class=\"columns columns-6\"><span class=\"wpcf7-form-control-wrap e-posta\"><input type=\"email\" name=\"e-posta\" value=\"\" size=\"40\" class=\"wpcf7-form-control wpcf7-text wpcf7-email wpcf7-validates-as-required wpcf7-validates-as-email\" aria-required=\"true\" aria-invalid=\"false\" placeholder=\"Your Email\" \/><\/span> <\/div>\n<\/div>\n<div class=\"row\">\n<div class=\"columns columns-6\"><span class=\"wpcf7-form-control-wrap telefon-numarasi\"><input type=\"tel\" name=\"telefon-numarasi\" value=\"\" size=\"40\" class=\"wpcf7-form-control wpcf7-text wpcf7-tel wpcf7-validates-as-tel\" aria-invalid=\"false\" placeholder=\"Your Phone Number\" \/><\/span> <\/div>\n<div class=\"columns columns-6\"><span class=\"wpcf7-form-control-wrap konu\"><input type=\"text\" name=\"konu\" value=\"\" size=\"40\" class=\"wpcf7-form-control wpcf7-text\" aria-invalid=\"false\" placeholder=\"Topic\" \/><\/span> <\/div>\n<\/div>\n<div class=\"row\">\n<div class=\"columns columns-12\"> <span class=\"wpcf7-form-control-wrap mesaj\"><textarea name=\"mesaj\" cols=\"40\" rows=\"10\" class=\"wpcf7-form-control wpcf7-textarea wpcf7-validates-as-required\" aria-required=\"true\" aria-invalid=\"false\" placeholder=\"Message\"><\/textarea><\/span> <\/div>\n<\/div>\n<p><input type=\"submit\" value=\"Submit\" class=\"wpcf7-form-control wpcf7-submit quform-button-text\" \/>\n<\/p><\/div>\n<div class=\"wpcf7-response-output\" aria-hidden=\"true\"><\/div><\/form><\/div>[vc_empty_space height=&#8221;20px&#8221;][vc_column_text]<\/p>\n<p style=\"text-align: center; font-size: 13px;\">You can also write to us at <a href=\"mailto:info@diyortech.com\">info@diyortech.com<\/a>.<\/p>\n<p>[\/vc_column_text][\/vc_column_inner][vc_column_inner width=&#8221;1\/12&#8243;][\/vc_column_inner][\/vc_row_inner][vc_empty_space height=&#8221;50px&#8221;][\/vc_column][vc_column width=&#8221;1\/3&#8243; css=&#8221;.vc_custom_1513048549225{padding-top: 90px !important;padding-right: 50px !important;padding-bottom: 50px !important;padding-left: 50px !important;background-color: #f2f2f3 !important;}&#8221;][vc_column_text]<\/p>\n<h5 class=\"no-margin-top\">Diyortech \u0130\u00e7 ve D\u0131\u015f<br \/>\nTicaret San. Tic. Ltd \u015eti.<\/h5>\n<p>[\/vc_column_text][vc_empty_space height=&#8221;10px&#8221;][vc_column_text]Hac\u0131kaymak Mah. Murat Sok. No:14\/A Sel\u00e7uklu\/KONYA[\/vc_column_text][vc_empty_space height=&#8221;30px&#8221;][vc_column_text]Phone: <a href=\"tel:+903322343191\">+90 (332) 234 31 91<\/a><br \/>\nFax: <a href=\"+903322343191\">+90 (332) 234 31 91<\/a><br \/>\nE-mail: <a href=\"mailto:info@diyortech.com\">info@diyortech.com<\/a>[\/vc_column_text][vc_empty_space height=&#8221;30px&#8221;][vc_column_text]<iframe loading=\"lazy\" style=\"border: 0;\" src=\"https:\/\/www.google.com\/maps\/embed?pb=!1m18!1m12!1m3!1d3149.070972933391!2d32.47407631532068!3d37.88202287973991!2m3!1f0!2f0!3f0!3m2!1i1024!2i768!4f13.1!3m3!1m2!1s0x0%3A0x0!2zMzfCsDUyJzU1LjMiTiAzMsKwMjgnMzQuNiJF!5e0!3m2!1str!2str!4v1616202120326!5m2!1str!2str\" width=\"300\" height=\"350\" allowfullscreen=\"allowfullscreen\"><\/iframe>[\/vc_column_text][\/vc_column][\/vc_row]<\/p>\n","protected":false},"excerpt":{"rendered":"<p>[vc_row equal_height=&#8221;yes&#8221; css=&#8221;.vc_custom_1513048596846{margin-right: 0px !important;margin-bottom: 90px !important;margin-left: 0px !important;}&#8221;][vc_column width=&#8221;2\/3&#8243; css=&#8221;.vc_custom_1513048602768{background-color: #ffffff !important;}&#8221; el_class=&#8221;shadow&#8221;][vc_empty_space height=&#8221;50px&#8221;][vc_row_inner][vc_column_inner width=&#8221;1\/12&#8243;][\/vc_column_inner][vc_column_inner width=&#8221;5\/6&#8243;][vc_column_text] Contact Us [\/vc_column_text][vc_empty_space height=&#8221;10px&#8221;][vc_column_text] You can ask us what you wonder about our products and services. We will be delighted to answer your questions. [\/vc_column_text][vc_empty_space height=&#8221;35px&#8221;][vc_empty_space height=&#8221;20px&#8221;][vc_column_text] You can also write to us at info@diyortech.com. [\/vc_column_text][\/vc_column_inner][vc_column_inner width=&#8221;1\/12&#8243;][\/vc_column_inner][\/vc_row_inner][vc_empty_space height=&#8221;50px&#8221;][\/vc_column][vc_column [&hellip;]<\/p>\n","protected":false},"author":1,"featured_media":0,"parent":0,"menu_order":0,"comment_status":"closed","ping_status":"closed","template":"","meta":[],"_links":{"self":[{"href":"https:\/\/diyortech.com\/en\/wp-json\/wp\/v2\/pages\/5705"}],"collection":[{"href":"https:\/\/diyortech.com\/en\/wp-json\/wp\/v2\/pages"}],"about":[{"href":"https:\/\/diyortech.com\/en\/wp-json\/wp\/v2\/types\/page"}],"author":[{"embeddable":true,"href":"https:\/\/diyortech.com\/en\/wp-json\/wp\/v2\/users\/1"}],"replies":[{"embeddable":true,"href":"https:\/\/diyortech.com\/en\/wp-json\/wp\/v2\/comments?post=5705"}],"version-history":[{"count":0,"href":"https:\/\/diyortech.com\/en\/wp-json\/wp\/v2\/pages\/5705\/revisions"}],"wp:attachment":[{"href":"https:\/\/diyortech.com\/en\/wp-json\/wp\/v2\/media?parent=5705"}],"curies":[{"name":"wp","href":"https:\/\/api.w.org\/{rel}","templated":true}]}}